{"id":18373,"date":"2025-03-25T19:27:08","date_gmt":"2025-03-25T18:27:08","guid":{"rendered":"https:\/\/multitastes.com\/?post_type=product&#038;p=18373"},"modified":"2025-05-03T02:10:50","modified_gmt":"2025-05-03T00:10:50","slug":"tapioca-teriyaki-and-shrimp-flavoured-chips-shrips-50-g","status":"publish","type":"product","link":"https:\/\/multitastes.com\/ru\/product\/tapioca-teriyaki-and-shrimp-flavoured-chips-shrips-50-g\/","title":{"rendered":"Tapioca Teriyaki and shrimp flavoured chips Shrips &#8212; 50 g"},"content":{"rendered":"<p>Ingredients: chips 75% (Tapiokast\u00e4rke 76,5%, Garnelen 10%, Zucker, Speisesalz, Knoblauch, Geschmacksverst\u00e4rker E621, Backtriebmittel E500ii, S\u00e4ureregulator E 330), Sonnenblumen\u00f6l, W\u00fcrzmischung mit Teriyaki-Sauce Geschmack 5% (Zucker, Speisesalz, Geschmacksverst\u00e4rker: E621, E627, E631; Maltodextrin, Aroma, S\u00e4ureregulator Natriumacetate).<\/p>\n<p>Net weight: 50 grams<\/p>\n","protected":false},"excerpt":{"rendered":"<p>Ingredients: chips 75% (Tapiokast\u00e4rke 76,5%, Garnelen 10%, Zucker, Speisesalz, Knoblauch, Geschmacksverst\u00e4rker E621, Backtriebmittel E500ii, S\u00e4ureregulator E 330), Sonnenblumen\u00f6l, W\u00fcrzmischung mit Teriyaki-Sauce Geschmack 5% (Zucker, Speisesalz, Geschmacksverst\u00e4rker: E621, E627, E631; Maltodextrin, Aroma, S\u00e4ureregulator Natriumacetate). Net weight: 50 grams<\/p>\n","protected":false},"featured_media":0,"template":"","meta":{"_crdt_document":"","advanced_seo_description":"","jetpack_seo_html_title":"","jetpack_seo_noindex":false,"jetpack_publicize_message":"","jetpack_publicize_feature_enabled":true,"jetpack_social_post_already_shared":true,"jetpack_social_options":{"image_generator_settings":{"template":"highway","default_image_id":0,"font":"","enabled":false},"version":2},"_wpas_customize_per_network":false},"product_brand":[],"product_cat":[23515,24083],"product_tag":[20885,23922,22334,24571,24909,24907,23998],"class_list":{"0":"post-18373","1":"product","2":"type-product","3":"status-publish","5":"product_cat-bakery-2","6":"product_cat-chips-2","7":"product_tag-and-ru","8":"product_tag-chips-ru","9":"product_tag-flavoured-ru","10":"product_tag-shrimp-ru","11":"product_tag-shrips","12":"product_tag-tapioca","13":"product_tag-teriyaki-ru","15":"first","16":"instock","17":"taxable","18":"shipping-taxable","19":"purchasable","20":"product-type-simple"},"jetpack_publicize_connections":[],"jetpack_likes_enabled":false,"jetpack_sharing_enabled":false,"_links":{"self":[{"href":"https:\/\/multitastes.com\/ru\/wp-json\/wp\/v2\/product\/18373","targetHints":{"allow":["GET"]}}],"collection":[{"href":"https:\/\/multitastes.com\/ru\/wp-json\/wp\/v2\/product"}],"about":[{"href":"https:\/\/multitastes.com\/ru\/wp-json\/wp\/v2\/types\/product"}],"wp:attachment":[{"href":"https:\/\/multitastes.com\/ru\/wp-json\/wp\/v2\/media?parent=18373"}],"wp:term":[{"taxonomy":"product_brand","embeddable":true,"href":"https:\/\/multitastes.com\/ru\/wp-json\/wp\/v2\/product_brand?post=18373"},{"taxonomy":"product_cat","embeddable":true,"href":"https:\/\/multitastes.com\/ru\/wp-json\/wp\/v2\/product_cat?post=18373"},{"taxonomy":"product_tag","embeddable":true,"href":"https:\/\/multitastes.com\/ru\/wp-json\/wp\/v2\/product_tag?post=18373"}],"curies":[{"name":"wp","href":"https:\/\/api.w.org\/{rel}","templated":true}]}}