{"id":9725,"date":"2024-01-25T20:38:08","date_gmt":"2024-01-25T19:38:08","guid":{"rendered":"https:\/\/multitastes.com\/product\/lays-subway-teriyaki-chips-150-g\/"},"modified":"2024-06-07T15:07:25","modified_gmt":"2024-06-07T13:07:25","slug":"lays-subway-teriyaki-chips-150-g","status":"publish","type":"product","link":"https:\/\/multitastes.com\/nl\/product\/lays-subway-teriyaki-chips-150-g\/","title":{"rendered":"Lay&#8217;s Subway Teriyaki chips &#8211; 150 g"},"content":{"rendered":"<p>Ingredi\u00ebnten: aardappelen, plantaardige oli\u00ebn (zonnebloem, koolzaad, ma\u00efs in verschillende gewichtsverhoudingen), suiker, dextrose, zout, aroma&#8217;s, uienpoeder, knoflookpoeder, zuurteregelaar (citroenzuur), zwarte peper, cayennepeper.<\/p>\n<p>Nettogewicht: 150 gram<\/p>\n","protected":false},"excerpt":{"rendered":"<p>Ingredi\u00ebnten: aardappelen, plantaardige oli\u00ebn (zonnebloem, koolzaad, ma\u00efs in verschillende gewichtsverhoudingen), suiker, dextrose, zout, aroma&#8217;s, uienpoeder, knoflookpoeder, zuurteregelaar (citroenzuur), zwarte peper, cayennepeper. Nettogewicht: 150 gram<\/p>\n","protected":false},"featured_media":9627,"template":"","meta":{"_crdt_document":"","advanced_seo_description":"","jetpack_seo_html_title":"","jetpack_seo_noindex":false,"jetpack_post_was_ever_published":false,"jetpack_publicize_message":"","jetpack_publicize_feature_enabled":true,"jetpack_social_post_already_shared":true,"jetpack_social_options":{"image_generator_settings":{"template":"highway","default_image_id":0,"font":"","enabled":false},"version":2},"_wpas_customize_per_network":false},"product_brand":[],"product_cat":[23514,24079],"product_tag":[23920,23942,23995,23996],"class_list":{"0":"post-9725","1":"product","2":"type-product","3":"status-publish","4":"has-post-thumbnail","6":"product_cat-bakkerij","7":"product_cat-chips-nl","8":"product_tag-chips-nl","9":"product_tag-lays-nl-2","10":"product_tag-subway-nl","11":"product_tag-teriyaki-nl","13":"first","14":"outofstock","15":"taxable","16":"shipping-taxable","17":"purchasable","18":"product-type-simple"},"jetpack_publicize_connections":[],"jetpack_likes_enabled":false,"jetpack_sharing_enabled":false,"_links":{"self":[{"href":"https:\/\/multitastes.com\/nl\/wp-json\/wp\/v2\/product\/9725","targetHints":{"allow":["GET"]}}],"collection":[{"href":"https:\/\/multitastes.com\/nl\/wp-json\/wp\/v2\/product"}],"about":[{"href":"https:\/\/multitastes.com\/nl\/wp-json\/wp\/v2\/types\/product"}],"wp:featuredmedia":[{"embeddable":true,"href":"https:\/\/multitastes.com\/nl\/wp-json\/wp\/v2\/media\/9627"}],"wp:attachment":[{"href":"https:\/\/multitastes.com\/nl\/wp-json\/wp\/v2\/media?parent=9725"}],"wp:term":[{"taxonomy":"product_brand","embeddable":true,"href":"https:\/\/multitastes.com\/nl\/wp-json\/wp\/v2\/product_brand?post=9725"},{"taxonomy":"product_cat","embeddable":true,"href":"https:\/\/multitastes.com\/nl\/wp-json\/wp\/v2\/product_cat?post=9725"},{"taxonomy":"product_tag","embeddable":true,"href":"https:\/\/multitastes.com\/nl\/wp-json\/wp\/v2\/product_tag?post=9725"}],"curies":[{"name":"wp","href":"https:\/\/api.w.org\/{rel}","templated":true}]}}