{"id":9317,"date":"2024-01-05T16:27:40","date_gmt":"2024-01-05T15:27:40","guid":{"rendered":"https:\/\/multitastes.com\/product\/doritos-paprika-chips-110-g\/"},"modified":"2024-02-23T19:47:42","modified_gmt":"2024-02-23T18:47:42","slug":"doritos-paprika-chips-110-g","status":"publish","type":"product","link":"https:\/\/multitastes.com\/nl\/product\/doritos-paprika-chips-110-g\/","title":{"rendered":"Doritos Paprika chips &#8211; 110 g"},"content":{"rendered":"<p>Ingredi\u00ebnten: ma\u00efs, plantaardige oli\u00ebn (zonnebloem, koolzaad, ma\u00efs in verschillende gewichtsverhoudingen), suiker, tomatenpoeder, paprikapoeder, paneermeel (bevat tarwe), uienpoeder, gehydrolyseerd soja-eiwit, smaakversterker mononatriumglutamaat, fructose, lactose (uit melk), botermelkpoeder, aroma, paprika-extract, kleurstof, zuurteregelaars (citroenzuur, appelzuur), zout.<\/p>\n<p>Nettogewicht: 110 gram<\/p>\n","protected":false},"excerpt":{"rendered":"<p>Ingredi\u00ebnten: ma\u00efs, plantaardige oli\u00ebn (zonnebloem, koolzaad, ma\u00efs in verschillende gewichtsverhoudingen), suiker, tomatenpoeder, paprikapoeder, paneermeel (bevat tarwe), uienpoeder, gehydrolyseerd soja-eiwit, smaakversterker mononatriumglutamaat, fructose, lactose (uit melk), botermelkpoeder, aroma, paprika-extract, kleurstof, zuurteregelaars (citroenzuur, appelzuur), zout. Nettogewicht: 110 gram<\/p>\n","protected":false},"featured_media":9288,"template":"","meta":{"_crdt_document":"","advanced_seo_description":"","jetpack_seo_html_title":"","jetpack_seo_noindex":false,"jetpack_post_was_ever_published":false,"jetpack_publicize_message":"","jetpack_publicize_feature_enabled":true,"jetpack_social_post_already_shared":true,"jetpack_social_options":{"image_generator_settings":{"template":"highway","default_image_id":0,"font":"","enabled":false},"version":2},"_wpas_customize_per_network":false},"product_brand":[],"product_cat":[23514,24079],"product_tag":[23920,23934,23938],"class_list":{"0":"post-9317","1":"product","2":"type-product","3":"status-publish","4":"has-post-thumbnail","6":"product_cat-bakkerij","7":"product_cat-chips-nl","8":"product_tag-chips-nl","9":"product_tag-doritos-nl","10":"product_tag-paprika-nl","12":"first","13":"outofstock","14":"taxable","15":"shipping-taxable","16":"purchasable","17":"product-type-simple"},"jetpack_publicize_connections":[],"jetpack_likes_enabled":false,"jetpack_sharing_enabled":false,"_links":{"self":[{"href":"https:\/\/multitastes.com\/nl\/wp-json\/wp\/v2\/product\/9317","targetHints":{"allow":["GET"]}}],"collection":[{"href":"https:\/\/multitastes.com\/nl\/wp-json\/wp\/v2\/product"}],"about":[{"href":"https:\/\/multitastes.com\/nl\/wp-json\/wp\/v2\/types\/product"}],"wp:featuredmedia":[{"embeddable":true,"href":"https:\/\/multitastes.com\/nl\/wp-json\/wp\/v2\/media\/9288"}],"wp:attachment":[{"href":"https:\/\/multitastes.com\/nl\/wp-json\/wp\/v2\/media?parent=9317"}],"wp:term":[{"taxonomy":"product_brand","embeddable":true,"href":"https:\/\/multitastes.com\/nl\/wp-json\/wp\/v2\/product_brand?post=9317"},{"taxonomy":"product_cat","embeddable":true,"href":"https:\/\/multitastes.com\/nl\/wp-json\/wp\/v2\/product_cat?post=9317"},{"taxonomy":"product_tag","embeddable":true,"href":"https:\/\/multitastes.com\/nl\/wp-json\/wp\/v2\/product_tag?post=9317"}],"curies":[{"name":"wp","href":"https:\/\/api.w.org\/{rel}","templated":true}]}}