{"id":3055,"date":"2022-09-19T21:35:05","date_gmt":"2022-09-19T19:35:05","guid":{"rendered":"https:\/\/multitastes.com\/product\/rose-wine-semi-sweet-wolschebnaja-grosdj-1l\/"},"modified":"2023-06-09T11:39:08","modified_gmt":"2023-06-09T09:39:08","slug":"rose-wine-semi-sweet-wolschebnaja-grosdj-1l","status":"publish","type":"product","link":"https:\/\/multitastes.com\/nl\/product\/rose-wine-semi-sweet-wolschebnaja-grosdj-1l\/","title":{"rendered":"Ros\u00e9 wijn halfzoet Wolschebnaja Grosdj &#8211; 1L"},"content":{"rendered":"<p>Ros\u00e9 wijn halfzoet Wolschebnaja Grosdj uit Moldavi\u00eb.<\/p>\n<p>Alk 13% vol.<\/p>\n","protected":false},"excerpt":{"rendered":"<p>Ros\u00e9 wijn halfzoet Wolschebnaja Grosdj uit Moldavi\u00eb. Alk 13% vol.<\/p>\n","protected":false},"featured_media":2986,"template":"","meta":{"_crdt_document":"","advanced_seo_description":"","jetpack_seo_html_title":"","jetpack_seo_noindex":false,"jetpack_publicize_message":"","jetpack_publicize_feature_enabled":true,"jetpack_social_post_already_shared":true,"jetpack_social_options":{"image_generator_settings":{"template":"highway","default_image_id":0,"font":"","enabled":false},"version":2},"_wpas_customize_per_network":false},"product_brand":[],"product_cat":[20318,21463,20319],"product_tag":[20625,21188,20657,21189,20659,20660,21190],"class_list":{"0":"post-3055","1":"product","2":"type-product","3":"status-publish","4":"has-post-thumbnail","6":"product_cat-alcoholische-dranken","7":"product_cat-rose-2","8":"product_cat-wijn","9":"product_tag-from-nl","10":"product_tag-grosdj-nl","11":"product_tag-moldova-nl","12":"product_tag-rose-nl","13":"product_tag-semi-sweet-nl","14":"product_tag-wine-nl","15":"product_tag-wolschebnaja-nl","17":"first","18":"instock","19":"taxable","20":"shipping-taxable","21":"purchasable","22":"product-type-simple"},"jetpack_publicize_connections":[],"jetpack_likes_enabled":false,"jetpack_sharing_enabled":false,"_links":{"self":[{"href":"https:\/\/multitastes.com\/nl\/wp-json\/wp\/v2\/product\/3055","targetHints":{"allow":["GET"]}}],"collection":[{"href":"https:\/\/multitastes.com\/nl\/wp-json\/wp\/v2\/product"}],"about":[{"href":"https:\/\/multitastes.com\/nl\/wp-json\/wp\/v2\/types\/product"}],"wp:featuredmedia":[{"embeddable":true,"href":"https:\/\/multitastes.com\/nl\/wp-json\/wp\/v2\/media\/2986"}],"wp:attachment":[{"href":"https:\/\/multitastes.com\/nl\/wp-json\/wp\/v2\/media?parent=3055"}],"wp:term":[{"taxonomy":"product_brand","embeddable":true,"href":"https:\/\/multitastes.com\/nl\/wp-json\/wp\/v2\/product_brand?post=3055"},{"taxonomy":"product_cat","embeddable":true,"href":"https:\/\/multitastes.com\/nl\/wp-json\/wp\/v2\/product_cat?post=3055"},{"taxonomy":"product_tag","embeddable":true,"href":"https:\/\/multitastes.com\/nl\/wp-json\/wp\/v2\/product_tag?post=3055"}],"curies":[{"name":"wp","href":"https:\/\/api.w.org\/{rel}","templated":true}]}}