{"id":2303,"date":"2022-09-03T21:41:47","date_gmt":"2022-09-03T19:41:47","guid":{"rendered":"https:\/\/multitastes.com\/product\/greek-camomile-blossom-for-camomile-tea-40-g\/"},"modified":"2023-06-09T11:41:01","modified_gmt":"2023-06-09T09:41:01","slug":"greek-camomile-blossom-for-camomile-tea-40-g","status":"publish","type":"product","link":"https:\/\/multitastes.com\/nl\/product\/greek-camomile-blossom-for-camomile-tea-40-g\/","title":{"rendered":"Losse Griekse kamillebloesem voor kamillethee &#8211; 40 g"},"content":{"rendered":"<p>Kamillethee is rijk aan antioxidanten. Hierdoor levert het erg veel voordelen voor ons op.\u00a0Zo is kamillethee goed voor maag- en darmklachten. Het brengt rust voor onze maag en darmen.\u00a0Het helpt bij ontspanning en geeft ons een rustgevend gevoel.\u00a0Het kan helpen bij keelpijn, omdat het een verzachtende werking heeft. Ook vermindert het hooikoortsklachten.\u00a0Kamillethee is goed voor ons hart. Ook\u00a0beschermt het onze alvleesklier tegen ontstekingen en tot slot\u00a0heeft het een koortsverlagende werking, doordat het schadelijk bacteri\u00ebn kan doden.<\/p>\n<p>Kruidenthee bevat geen the\u00efne, wat eigenlijk een soort cafe\u00efne is, maar dan in thee. Teveel the\u00efne is, net zoals te veel cafe\u00efne, slecht voor ons. Omdat kruidenthee geen the\u00efne bevat is het gezond en mag u zo veel thee drinken als u wilt.<\/p>\n<p>Nettogewicht: 40 gram<\/p>\n","protected":false},"excerpt":{"rendered":"<p>Kamillethee is rijk aan antioxidanten. Hierdoor levert het erg veel voordelen voor ons op.\u00a0Zo is kamillethee goed voor maag- en darmklachten. Het brengt rust voor onze maag en darmen.\u00a0Het helpt bij ontspanning en geeft ons een rustgevend gevoel.\u00a0Het kan helpen bij keelpijn, omdat het een verzachtende werking heeft. Ook vermindert het hooikoortsklachten.\u00a0Kamillethee is goed voor [&#8230;]\n","protected":false},"featured_media":2255,"template":"","meta":{"_crdt_document":"","advanced_seo_description":"","jetpack_seo_html_title":"","jetpack_seo_noindex":false,"jetpack_post_was_ever_published":false,"jetpack_publicize_message":"","jetpack_publicize_feature_enabled":true,"jetpack_social_post_already_shared":true,"jetpack_social_options":{"image_generator_settings":{"template":"highway","default_image_id":0,"font":"","enabled":false},"version":2},"_wpas_customize_per_network":false},"product_brand":[],"product_cat":[20299,20358],"product_tag":[20365,20364,20366,20329,20362],"class_list":{"0":"post-2303","1":"product","2":"type-product","3":"status-publish","4":"has-post-thumbnail","6":"product_cat-soft-drinks-juices-coffee-tea","7":"product_cat-tea","8":"product_tag-blossom","9":"product_tag-camomile","10":"product_tag-for","11":"product_tag-greek","12":"product_tag-tea","14":"first","15":"instock","16":"taxable","17":"shipping-taxable","18":"purchasable","19":"product-type-simple"},"jetpack_publicize_connections":[],"jetpack_likes_enabled":false,"jetpack_sharing_enabled":false,"_links":{"self":[{"href":"https:\/\/multitastes.com\/nl\/wp-json\/wp\/v2\/product\/2303","targetHints":{"allow":["GET"]}}],"collection":[{"href":"https:\/\/multitastes.com\/nl\/wp-json\/wp\/v2\/product"}],"about":[{"href":"https:\/\/multitastes.com\/nl\/wp-json\/wp\/v2\/types\/product"}],"wp:featuredmedia":[{"embeddable":true,"href":"https:\/\/multitastes.com\/nl\/wp-json\/wp\/v2\/media\/2255"}],"wp:attachment":[{"href":"https:\/\/multitastes.com\/nl\/wp-json\/wp\/v2\/media?parent=2303"}],"wp:term":[{"taxonomy":"product_brand","embeddable":true,"href":"https:\/\/multitastes.com\/nl\/wp-json\/wp\/v2\/product_brand?post=2303"},{"taxonomy":"product_cat","embeddable":true,"href":"https:\/\/multitastes.com\/nl\/wp-json\/wp\/v2\/product_cat?post=2303"},{"taxonomy":"product_tag","embeddable":true,"href":"https:\/\/multitastes.com\/nl\/wp-json\/wp\/v2\/product_tag?post=2303"}],"curies":[{"name":"wp","href":"https:\/\/api.w.org\/{rel}","templated":true}]}}