{"id":2302,"date":"2022-09-03T21:38:10","date_gmt":"2022-09-03T19:38:10","guid":{"rendered":"https:\/\/multitastes.com\/product\/greek-sage-tea-20-g\/"},"modified":"2023-06-09T11:42:12","modified_gmt":"2023-06-09T09:42:12","slug":"greek-sage-tea-20-g","status":"publish","type":"product","link":"https:\/\/multitastes.com\/nl\/product\/greek-sage-tea-20-g\/","title":{"rendered":"Losse Griekse salie voor saliethee &#8211; 20 g"},"content":{"rendered":"<p>De oude Grieken en Romeinen waren de eersten die deze medicinale plant in de gebergtes ontdekten. Al in de oudheid stond salie bekend om zijn geneeskrachtige werking.<\/p>\n<p>Wetenschappelijk onderzoek heeft inderdaad aangetoond dat saliethee weerstand biedt tegen bepaalde ziektes. Door zijn ontstekingsremmende en antibacteri\u00eble werking heeft het een positief effect op ons lichaam. Het drinken van saliethee is goed voor onze spijsvertering, bij keelpijn heeft saliethee een verzachtende werking. Saliethee werd vroeger gebruikt als slaapmiddel. Ondervindt u regelmatig moeite om in slaap te komen, dan is een kopje saliethee voor het slapengaan misschien wel de oplossing.<\/p>\n<p>Kruidenthee bevat geen the\u00efne, wat eigenlijk een soort cafe\u00efne is, maar dan in thee. Teveel the\u00efne is, net zoals te veel cafe\u00efne, slecht voor ons. Omdat kruidenthee geen the\u00efne bevat is het gezond en mag u zo veel thee drinken als u wilt.<\/p>\n<p>Nettogewicht: 20 gram<\/p>\n","protected":false},"excerpt":{"rendered":"<p>De oude Grieken en Romeinen waren de eersten die deze medicinale plant in de gebergtes ontdekten. Al in de oudheid stond salie bekend om zijn geneeskrachtige werking. Wetenschappelijk onderzoek heeft inderdaad aangetoond dat saliethee weerstand biedt tegen bepaalde ziektes. Door zijn ontstekingsremmende en antibacteri\u00eble werking heeft het een positief effect op ons lichaam. Het drinken [&#8230;]\n","protected":false},"featured_media":2249,"template":"","meta":{"_crdt_document":"","advanced_seo_description":"","jetpack_seo_html_title":"","jetpack_seo_noindex":false,"jetpack_publicize_message":"","jetpack_publicize_feature_enabled":true,"jetpack_social_post_already_shared":true,"jetpack_social_options":{"image_generator_settings":{"template":"highway","default_image_id":0,"font":"","enabled":false},"version":2},"_wpas_customize_per_network":false},"product_brand":[],"product_cat":[20316,20360],"product_tag":[20371,20423,20422],"class_list":{"0":"post-2302","1":"product","2":"type-product","3":"status-publish","4":"has-post-thumbnail","6":"product_cat-frisdranken-sappen-koffie-thee","7":"product_cat-thee","8":"product_tag-griekse","9":"product_tag-sage-nl","10":"product_tag-tea-nl","12":"first","13":"instock","14":"taxable","15":"shipping-taxable","16":"purchasable","17":"product-type-simple"},"jetpack_publicize_connections":[],"jetpack_likes_enabled":false,"jetpack_sharing_enabled":false,"_links":{"self":[{"href":"https:\/\/multitastes.com\/nl\/wp-json\/wp\/v2\/product\/2302","targetHints":{"allow":["GET"]}}],"collection":[{"href":"https:\/\/multitastes.com\/nl\/wp-json\/wp\/v2\/product"}],"about":[{"href":"https:\/\/multitastes.com\/nl\/wp-json\/wp\/v2\/types\/product"}],"wp:featuredmedia":[{"embeddable":true,"href":"https:\/\/multitastes.com\/nl\/wp-json\/wp\/v2\/media\/2249"}],"wp:attachment":[{"href":"https:\/\/multitastes.com\/nl\/wp-json\/wp\/v2\/media?parent=2302"}],"wp:term":[{"taxonomy":"product_brand","embeddable":true,"href":"https:\/\/multitastes.com\/nl\/wp-json\/wp\/v2\/product_brand?post=2302"},{"taxonomy":"product_cat","embeddable":true,"href":"https:\/\/multitastes.com\/nl\/wp-json\/wp\/v2\/product_cat?post=2302"},{"taxonomy":"product_tag","embeddable":true,"href":"https:\/\/multitastes.com\/nl\/wp-json\/wp\/v2\/product_tag?post=2302"}],"curies":[{"name":"wp","href":"https:\/\/api.w.org\/{rel}","templated":true}]}}