{"id":17767,"date":"2025-02-27T16:16:20","date_gmt":"2025-02-27T15:16:20","guid":{"rendered":"https:\/\/multitastes.com\/product\/mango-flavoured-dessert-bonjour-232-g\/"},"modified":"2025-03-07T12:35:25","modified_gmt":"2025-03-07T11:35:25","slug":"mango-flavoured-dessert-bonjour-232-g","status":"publish","type":"product","link":"https:\/\/multitastes.com\/nl\/product\/mango-flavoured-dessert-bonjour-232-g\/","title":{"rendered":"Dessert met mangosmaak Bonjour &#8211; 232 g"},"content":{"rendered":"<p>Ingredi\u00ebnten: suiker, glucosestroop, tarwebloem, plantaardig vet (plantaardige vetten en oli\u00ebn volledig gehydrogeneerd (palmolie, palmole\u00efne), emulgator E322, E492), palmolie, mager cacaopoeder, bevochtigingsmiddel sorbitol, zuurteregelaar E330, E331; weiproduct, geleermiddel pectine, emulgator sojalecithinen, E471, E475, E476; antischuimmiddel E570, eipoeder, zout, rijsmiddelen E500, E503, aroma, kleurstof E160a, E160b(ii), conserveermiddel E202, mangopoeder 0,01%, natuurlijk aroma. 01%, natuurlijk aroma. Kan sporen van pinda&#8217;s en noten bevatten.<\/p>\n<p>Nettogewicht: 232 gram<\/p>\n","protected":false},"excerpt":{"rendered":"<p>Ingredi\u00ebnten: suiker, glucosestroop, tarwebloem, plantaardig vet (plantaardige vetten en oli\u00ebn volledig gehydrogeneerd (palmolie, palmole\u00efne), emulgator E322, E492), palmolie, mager cacaopoeder, bevochtigingsmiddel sorbitol, zuurteregelaar E330, E331; weiproduct, geleermiddel pectine, emulgator sojalecithinen, E471, E475, E476; antischuimmiddel E570, eipoeder, zout, rijsmiddelen E500, E503, aroma, kleurstof E160a, E160b(ii), conserveermiddel E202, mangopoeder 0,01%, natuurlijk aroma. 01%, natuurlijk aroma. Kan sporen [&#8230;]\n","protected":false},"featured_media":17577,"template":"","meta":{"_crdt_document":"","advanced_seo_description":"","jetpack_seo_html_title":"","jetpack_seo_noindex":false,"jetpack_publicize_message":"","jetpack_publicize_feature_enabled":true,"jetpack_social_post_already_shared":true,"jetpack_social_options":{"image_generator_settings":{"template":"highway","default_image_id":0,"font":"","enabled":false},"version":2},"_wpas_customize_per_network":false},"product_brand":[],"product_cat":[24073,20314],"product_tag":[23222,23223,22331,24864],"class_list":{"0":"post-17767","1":"product","2":"type-product","3":"status-publish","4":"has-post-thumbnail","6":"product_cat-bonbons-chocolade-repen","7":"product_cat-zoetigheden","8":"product_tag-bonjour-nl","9":"product_tag-dessert-nl","10":"product_tag-flavoured-nl","11":"product_tag-mango-nl","13":"first","14":"instock","15":"taxable","16":"shipping-taxable","17":"purchasable","18":"product-type-simple"},"jetpack_publicize_connections":[],"jetpack_likes_enabled":false,"jetpack_sharing_enabled":false,"_links":{"self":[{"href":"https:\/\/multitastes.com\/nl\/wp-json\/wp\/v2\/product\/17767","targetHints":{"allow":["GET"]}}],"collection":[{"href":"https:\/\/multitastes.com\/nl\/wp-json\/wp\/v2\/product"}],"about":[{"href":"https:\/\/multitastes.com\/nl\/wp-json\/wp\/v2\/types\/product"}],"wp:featuredmedia":[{"embeddable":true,"href":"https:\/\/multitastes.com\/nl\/wp-json\/wp\/v2\/media\/17577"}],"wp:attachment":[{"href":"https:\/\/multitastes.com\/nl\/wp-json\/wp\/v2\/media?parent=17767"}],"wp:term":[{"taxonomy":"product_brand","embeddable":true,"href":"https:\/\/multitastes.com\/nl\/wp-json\/wp\/v2\/product_brand?post=17767"},{"taxonomy":"product_cat","embeddable":true,"href":"https:\/\/multitastes.com\/nl\/wp-json\/wp\/v2\/product_cat?post=17767"},{"taxonomy":"product_tag","embeddable":true,"href":"https:\/\/multitastes.com\/nl\/wp-json\/wp\/v2\/product_tag?post=17767"}],"curies":[{"name":"wp","href":"https:\/\/api.w.org\/{rel}","templated":true}]}}